{"id":409,"date":"2024-07-30T17:58:08","date_gmt":"2024-07-30T15:58:08","guid":{"rendered":"https:\/\/universfee.fr\/?page_id=409"},"modified":"2024-08-19T20:19:07","modified_gmt":"2024-08-19T18:19:07","slug":"messages-damour-venus-du-ciel","status":"publish","type":"page","link":"https:\/\/universfee.fr\/index.php\/messages-damour-venus-du-ciel\/","title":{"rendered":"Messages d&rsquo;amour venus du Ciel"},"content":{"rendered":"\n<p>Plume de l\u2019Oiseau Divin<\/p>\n\n\n\n<p><\/p>\n\n\n\n<p><a href=\"http:\/\/universfee.fr\/wp-content\/uploads\/2024\/07\/Annonce-recueil-de-poesies-Messages-dAmour-Venus-du-Ciel-Mai-2013.pdf\">Annonce du recueil<\/a><\/p>\n\n\n\n<p><a href=\"http:\/\/universfee.fr\/wp-content\/uploads\/2024\/07\/Edilivre-Messages-dAmour-Venus-du-Ciel-Mai-2013.pdf\">Info \u00e9diteur<\/a><\/p>\n\n\n\n<p><\/p>\n\n\n\n<p><\/p>\n\n\n\n<p class=\"has-text-align-center\"><strong>A NOTRE DESCENDANCE<\/strong><\/p>\n\n\n\n<p class=\"has-text-align-center\">Que de Jolis Mots,<br>Gliss\u00e9s ces Liens,<\/p>\n\n\n\n<p class=\"has-text-align-center\">Pos\u00e9s sur cette Belle Ecorce de Bois Blanc.<\/p>\n\n\n\n<p class=\"has-text-align-center\">Ecrire\u2026.,<br>Garder le Souvenir,<br>Marquer le Temps d\u2019un Instant.<\/p>\n\n\n\n<p class=\"has-text-align-center\">Retranscrire\u2026,<br>Laisser une Trace,<br>De ce Temps qui Passe.<\/p>\n\n\n\n<p class=\"has-text-align-center\">N\u2019Oubliez pas\u2026.,<br>Qui Nous Avons Et\u00e9,<br>Quelle a Et\u00e9\u2026.<br>Notre Histoire,<br>Votre Histoire.<\/p>\n\n\n\n<p class=\"has-text-align-center\">***<\/p>\n\n\n\n<p class=\"has-text-align-center\"><strong>ESPERANCE<\/strong><\/p>\n\n\n\n<p class=\"has-text-align-center\">Je Veux Croire, Je Veux Garder Espoir,<br>De Belles choses sont \u00e0 Venir.<\/p>\n\n\n\n<p class=\"has-text-align-center\">Se Poser, Regarder\u2026.,<\/p>\n\n\n\n<p class=\"has-text-align-center\">D\u00e9couvrir ce Monde Magnifique.<\/p>\n\n\n\n<p class=\"has-text-align-center\">Il ne tient qu\u2019\u00e0 Nous,<br>Se Remettre en Cause.<\/p>\n\n\n\n<p class=\"has-text-align-center\">***<\/p>\n\n\n\n<p class=\"has-text-align-center\"><strong>JARDIN DE FLEURS<\/strong><\/p>\n\n\n\n<p class=\"has-text-align-center\">A Mon Arriv\u00e9e,<br>Je Me Suis Emerveill\u00e9e\u2026.<br>par tant de Couleurs.<\/p>\n\n\n\n<p class=\"has-text-align-center\">Embellies de toute cette Chaleur,<br>Donner Naissance,<\/p>\n\n\n\n<p class=\"has-text-align-center\">Des Milliers de Petits Boutons de Fleurs.<\/p>\n\n\n\n<p class=\"has-text-align-center\">Je le Sais\u2026.,<br>De cet Amour,<\/p>\n\n\n\n<p class=\"has-text-align-center\">Jaillira la Paix, le Bonheur,<br>Retrouver une vie Simple, Humble.<\/p>\n\n\n\n<p class=\"has-text-align-center\">Vous Offrir ce Jardin de Fleurs,<br>C\u2019Est Vous Donner avec Mon C\u0153ur,<br>L\u2019Espoir d\u2019un Monde Meilleur.<\/p>\n\n\n\n<p class=\"has-text-align-right\">(Texte Inspir\u00e9 de la Musique<br>de Kenio Fuke \u00abGarden of the Roses\u00bb)<\/p>\n\n\n\n<p class=\"has-text-align-center\">***<\/p>\n\n\n\n<p class=\"has-text-align-center\"><strong>LE BONHEUR<\/strong><\/p>\n\n\n\n<p class=\"has-text-align-center\">C\u2019Est l\u2019Ouverture de la Porte de Son C\u0153ur.<\/p>\n\n\n\n<p class=\"has-text-align-center\">Accueillir,<\/p>\n\n\n\n<p class=\"has-text-align-center\">Une Fleur que l\u2019on Plante dans son For Int\u00e9rieur,<br>La Chaleur de Notre Ami le Soleil.<\/p>\n\n\n\n<p class=\"has-text-align-center\">Le Bonheur,<br>C\u2019Est une Ame en Paix.<\/p>\n\n\n\n<p class=\"has-text-align-center\">L\u2019ELEVATION<\/p>\n\n\n\n<p class=\"has-text-align-center\">C\u2019Est CHOISIR de<br>Prendre le Chemin de la Lumi\u00e8re,<br>Ouvrir cette Porte Appel\u00e9e \u00able Bonheur\u00bb<br>D\u00e9couvrir que Je Peux Changer, \u00e0 Condition de Semer,<br>Arriver au plus Haut du Sommet de ce Triangle<\/p>\n\n\n\n<p class=\"has-text-align-center\">LA REUSSITE DE SOI.<\/p>\n","protected":false},"excerpt":{"rendered":"<p>Plume de l\u2019Oiseau Divin Annonce du recueil Info \u00e9diteur A NOTRE DESCENDANCE Que de Jolis Mots,Gliss\u00e9s ces Liens, Pos\u00e9s sur cette Belle Ecorce de Bois Blanc. Ecrire\u2026.,Garder le Souvenir,Marquer le Temps d\u2019un Instant. Retranscrire\u2026,Laisser une Trace,De ce Temps qui Passe. N\u2019Oubliez pas\u2026.,Qui Nous Avons Et\u00e9,Quelle a Et\u00e9\u2026.Notre Histoire,Votre Histoire. *** ESPERANCE Je Veux Croire, Je [&hellip;]<\/p>\n","protected":false},"author":1,"featured_media":0,"parent":0,"menu_order":0,"comment_status":"closed","ping_status":"closed","template":"","meta":{"footnotes":""},"class_list":["post-409","page","type-page","status-publish","hentry"],"_links":{"self":[{"href":"https:\/\/universfee.fr\/index.php\/wp-json\/wp\/v2\/pages\/409","targetHints":{"allow":["GET"]}}],"collection":[{"href":"https:\/\/universfee.fr\/index.php\/wp-json\/wp\/v2\/pages"}],"about":[{"href":"https:\/\/universfee.fr\/index.php\/wp-json\/wp\/v2\/types\/page"}],"author":[{"embeddable":true,"href":"https:\/\/universfee.fr\/index.php\/wp-json\/wp\/v2\/users\/1"}],"replies":[{"embeddable":true,"href":"https:\/\/universfee.fr\/index.php\/wp-json\/wp\/v2\/comments?post=409"}],"version-history":[{"count":6,"href":"https:\/\/universfee.fr\/index.php\/wp-json\/wp\/v2\/pages\/409\/revisions"}],"predecessor-version":[{"id":463,"href":"https:\/\/universfee.fr\/index.php\/wp-json\/wp\/v2\/pages\/409\/revisions\/463"}],"wp:attachment":[{"href":"https:\/\/universfee.fr\/index.php\/wp-json\/wp\/v2\/media?parent=409"}],"curies":[{"name":"wp","href":"https:\/\/api.w.org\/{rel}","templated":true}]}}