{"id":411,"date":"2024-07-30T18:14:05","date_gmt":"2024-07-30T16:14:05","guid":{"rendered":"https:\/\/universfee.fr\/?page_id=411"},"modified":"2024-08-19T20:17:35","modified_gmt":"2024-08-19T18:17:35","slug":"carnet-de-voyage","status":"publish","type":"page","link":"https:\/\/universfee.fr\/index.php\/carnet-de-voyage\/","title":{"rendered":"Carnet de Voyage"},"content":{"rendered":"\n<p>Ic\u00f4ne de l\u2019Amour<\/p>\n\n\n\n<p><a href=\"http:\/\/universfee.fr\/wp-content\/uploads\/2024\/07\/Dossier-de-presse-Carnet-de-voyage.pdf\">Dossier Presse<\/a><br><br><\/p>\n\n\n\n<p class=\"has-text-align-center\"><br>De ce Voyage Spirituel<br><br>Je Sais<br>Ce que Je Dois<br>A la Lumi\u00e8re qui Vibre en Moi<br>A cette Foi Int\u00e9rieur<br>A l\u2019Amour de la Vie<br>Un Grand Po\u00e8te Disparu<br>A Dit un Jour&#8230;.<br>\u00ab Sort de Ton Nid<br>Tu Verras le Jour, la Nuit<br>La Continuit\u00e9 de la Vie<br>Te Montrera \u00e0 quel Point<br>L\u2019Amour, le Partage, la Raison<br><br>A l\u2019Unissons<br>Font de Nous des Hommes<br>EMBELLIS \u00bb.<\/p>\n\n\n\n<p class=\"has-text-align-center\">***<\/p>\n\n\n\n<p class=\"has-text-align-center\"><br>Soit la Beaut\u00e9 d\u2019un Soir<br>Mon Rayon de Soleil<br>Mon Energie Diluvienne<br>Qui Vienne tout Simplement Apaiser<br>Mes Pens\u00e9es depuis toutes ces Ann\u00e9es<br>O\u00f9 j\u2019ai tant Travaill\u00e9 \u00e0 Esp\u00e9rer<br>Te Rejoindre<br>Soit mon Amour<br>Soit ma Tendresse de C\u0153ur<br>Celui qui Touche \u00e0 tout<br>Que Rien n\u2019Arr\u00eate<br>Ni la Pluie, ni le Vent<br>Ne pourront se M\u00e9prendre<br>Face \u00e0 cet Amour Naissant.<br>J\u2019entends au Loin<br>Sans nul Doute<br>De Jolis Sons<br>De Jolies Notes<br>Pour Toi ma Belle Maman<br>Avec toute la Tendresse de C\u0153ur<br>Je te Porte \u00e0 l\u2019Eternel.<\/p>\n\n\n\n<p class=\"has-text-align-center\">***<br><br><strong>LE REFLET<\/strong><br><br>Les Oiseaux du Bonheur<br>Me Portent<br>A Tout Jamais<br><br>Avec tout le Bonheur que Je te Porte<br><br>Soit le Reflet<br>Tout Simplement<br><br>Qui Porte<br><br>La VIE<br>L\u2019AMOUR<br>L\u2019ESPOIR<br><br>En Soi<br>Ta Vie n\u2019en Sera que plus Magnifique.<\/p>\n\n\n\n<p class=\"has-text-align-center\">***<br><br>Le Bleu des Anges<br>La Rivi\u00e8re des Andes<br>T\u00e9moin<br>D\u2019une Union<br>Moi<br>Et les Millions d\u2019Ann\u00e9es<br>Qui Nous S\u00e9parent<br>Donnerons<br>A Souhait<br>Pour l\u2019Eternit\u00e9 des Etres<br>Une Merveille<br>Aimer la Nature<br>Aimer ces Etres Pures<br>Cadeaux de l\u2019Univers<\/p>\n\n\n\n<p class=\"has-text-align-center\">***<br><br>Au Cr\u00e9puscule de Ma Vie<br>Je Goutte<br>Plaisir, Sourire<br>Vivre<br>Un Amour Infiniment Grand, Puissant<br>Puisse t-il<br>Me Remettre<br>La Clef<br>Qui Envahira Mon C\u0153ur<br>D\u2019Attention<br>De Richesse Humaine<br>Tellement<br>Je Souhaite<br><br>La Paix des Hommes<\/p>\n","protected":false},"excerpt":{"rendered":"<p>Ic\u00f4ne de l\u2019Amour Dossier Presse De ce Voyage Spirituel Je SaisCe que Je DoisA la Lumi\u00e8re qui Vibre en MoiA cette Foi Int\u00e9rieurA l\u2019Amour de la VieUn Grand Po\u00e8te DisparuA Dit un Jour&#8230;.\u00ab Sort de Ton NidTu Verras le Jour, la NuitLa Continuit\u00e9 de la VieTe Montrera \u00e0 quel PointL\u2019Amour, le Partage, la Raison A [&hellip;]<\/p>\n","protected":false},"author":1,"featured_media":0,"parent":0,"menu_order":0,"comment_status":"closed","ping_status":"closed","template":"","meta":{"footnotes":""},"class_list":["post-411","page","type-page","status-publish","hentry"],"_links":{"self":[{"href":"https:\/\/universfee.fr\/index.php\/wp-json\/wp\/v2\/pages\/411","targetHints":{"allow":["GET"]}}],"collection":[{"href":"https:\/\/universfee.fr\/index.php\/wp-json\/wp\/v2\/pages"}],"about":[{"href":"https:\/\/universfee.fr\/index.php\/wp-json\/wp\/v2\/types\/page"}],"author":[{"embeddable":true,"href":"https:\/\/universfee.fr\/index.php\/wp-json\/wp\/v2\/users\/1"}],"replies":[{"embeddable":true,"href":"https:\/\/universfee.fr\/index.php\/wp-json\/wp\/v2\/comments?post=411"}],"version-history":[{"count":8,"href":"https:\/\/universfee.fr\/index.php\/wp-json\/wp\/v2\/pages\/411\/revisions"}],"predecessor-version":[{"id":460,"href":"https:\/\/universfee.fr\/index.php\/wp-json\/wp\/v2\/pages\/411\/revisions\/460"}],"wp:attachment":[{"href":"https:\/\/universfee.fr\/index.php\/wp-json\/wp\/v2\/media?parent=411"}],"curies":[{"name":"wp","href":"https:\/\/api.w.org\/{rel}","templated":true}]}}