{"id":430,"date":"2024-07-30T18:40:19","date_gmt":"2024-07-30T16:40:19","guid":{"rendered":"https:\/\/universfee.fr\/?page_id=430"},"modified":"2024-07-30T18:45:01","modified_gmt":"2024-07-30T16:45:01","slug":"poemes","status":"publish","type":"page","link":"https:\/\/universfee.fr\/index.php\/poemes\/","title":{"rendered":"Po\u00e8mes"},"content":{"rendered":"\n<p>Mes po\u00e8mes<\/p>\n\n\n\n<p>Dans les sous-menus de cette section vous trouverez une partie de po\u00e8mes que je compose r\u00e9guli\u00e8rement.<\/p>\n\n\n\n<p>Par ailleurs, c\u2019est avec, non pas une fiert\u00e9, mais bien&nbsp;Au-Del\u00e0\u2026.un Bonheur Infiniment Profond, que j&rsquo;ai r\u00e9ussie \u00e0 publier deux ouvrages de po\u00e9sie :<\/p>\n\n\n\n<ul class=\"wp-block-list\">\n<li>\u00ab\u00a0<a href=\"https:\/\/universfee.fr\/index.php\/carnet-de-voyage\/\" data-type=\"page\" data-id=\"411\">Carnet de voyage<\/a>\u00ab\u00a0<\/li>\n\n\n\n<li>\u00ab\u00a0<a href=\"https:\/\/universfee.fr\/index.php\/messages-damour-venus-du-ciel\/\" data-type=\"page\" data-id=\"409\">Messages d&rsquo;Amours Venus du Ciel<\/a>\u00ab\u00a0<\/li>\n<\/ul>\n\n\n\n<p>\u00abL\u2019Accouchement\u00bb de mon deuxi\u00e8me \u00abenfant\u00bb apr\u00e8s la Naissance de mon site&nbsp;<a href=\"http:\/\/web.archive.org\/web\/20180823080708\/http:\/\/www.universfee.com\/\">www.universfee.fr<\/a>. L\u2019Aboutissement d\u2019un bout de Chemin de Vie\u2026..la R\u00e9v\u00e9lation au Grand Jour de ces jolis mots, habill\u00e9s Majestueusement de pleins et de d\u00e9li\u00e9s\u2026.<\/p>\n\n\n\n<p>Donner la Vie&#8230;<\/p>\n\n\n\n<p>\u00e0 une Po\u00e9sie<\/p>\n\n\n\n<p>D&rsquo;Amour, de Paix, de S\u00e9r\u00e9nit\u00e9, de Sinc\u00e9rit\u00e9,<\/p>\n\n\n\n<p>Des messages de Remise en cause pour le bien \u00eatre de l&rsquo;Humanit\u00e9<\/p>\n\n\n\n<p>\u00ab\u00a0Telle une F\u00e9e,<\/p>\n\n\n\n<p>Je Viens Semer,<\/p>\n\n\n\n<p>La Graine du Bonheur,<\/p>\n\n\n\n<p>Au plus Profond du C\u0153ur,<\/p>\n\n\n\n<p>De chaque \u00eatre Humain\u00a0\u00bb.<\/p>\n\n\n\n<p>De tout mon Coeur, je souhaite que ces messages vous touchent, vous Nourrissent, autant qu\u2019ils me donnent.<\/p>\n\n\n\n<p><strong>Mes ouvrages sont disponibles sur ;<\/strong><\/p>\n\n\n\n<p><strong>&#8211; le&nbsp;<a href=\"http:\/\/web.archive.org\/web\/20180823080708\/http:\/\/www.edilivre.com\/messages-d-amour-venus-du-ciel-claire-crozier.html\">Site EDILIVRE<\/a>&nbsp;en commande livre papier ou en&nbsp;par t\u00e9l\u00e9chargement&nbsp;<br>Mais aussi :<br>&#8211; Read &amp; Go d&rsquo;Orange &nbsp; &nbsp; &nbsp; &nbsp; &nbsp; &nbsp; &nbsp; &nbsp; &nbsp; &nbsp; &nbsp;&nbsp;<br>&#8211; mise en vente librairie Kindle Store d&rsquo;Amazone<br>&#8211; mise en vente librairie iBooks d&rsquo;Apple<\/strong><\/p>\n","protected":false},"excerpt":{"rendered":"<p>Mes po\u00e8mes Dans les sous-menus de cette section vous trouverez une partie de po\u00e8mes que je compose r\u00e9guli\u00e8rement. Par ailleurs, c\u2019est avec, non pas une fiert\u00e9, mais bien&nbsp;Au-Del\u00e0\u2026.un Bonheur Infiniment Profond, que j&rsquo;ai r\u00e9ussie \u00e0 publier deux ouvrages de po\u00e9sie : \u00abL\u2019Accouchement\u00bb de mon deuxi\u00e8me \u00abenfant\u00bb apr\u00e8s la Naissance de mon site&nbsp;www.universfee.fr. L\u2019Aboutissement d\u2019un bout [&hellip;]<\/p>\n","protected":false},"author":1,"featured_media":0,"parent":0,"menu_order":0,"comment_status":"closed","ping_status":"closed","template":"","meta":{"footnotes":""},"class_list":["post-430","page","type-page","status-publish","hentry"],"_links":{"self":[{"href":"https:\/\/universfee.fr\/index.php\/wp-json\/wp\/v2\/pages\/430","targetHints":{"allow":["GET"]}}],"collection":[{"href":"https:\/\/universfee.fr\/index.php\/wp-json\/wp\/v2\/pages"}],"about":[{"href":"https:\/\/universfee.fr\/index.php\/wp-json\/wp\/v2\/types\/page"}],"author":[{"embeddable":true,"href":"https:\/\/universfee.fr\/index.php\/wp-json\/wp\/v2\/users\/1"}],"replies":[{"embeddable":true,"href":"https:\/\/universfee.fr\/index.php\/wp-json\/wp\/v2\/comments?post=430"}],"version-history":[{"count":2,"href":"https:\/\/universfee.fr\/index.php\/wp-json\/wp\/v2\/pages\/430\/revisions"}],"predecessor-version":[{"id":434,"href":"https:\/\/universfee.fr\/index.php\/wp-json\/wp\/v2\/pages\/430\/revisions\/434"}],"wp:attachment":[{"href":"https:\/\/universfee.fr\/index.php\/wp-json\/wp\/v2\/media?parent=430"}],"curies":[{"name":"wp","href":"https:\/\/api.w.org\/{rel}","templated":true}]}}