{"id":504,"date":"2025-01-13T20:02:40","date_gmt":"2025-01-13T19:02:40","guid":{"rendered":"https:\/\/universfee.fr\/?page_id=504"},"modified":"2025-01-13T20:07:35","modified_gmt":"2025-01-13T19:07:35","slug":"la-femme","status":"publish","type":"page","link":"https:\/\/universfee.fr\/index.php\/la-femme\/","title":{"rendered":"La femme"},"content":{"rendered":"\t\t<div data-elementor-type=\"wp-page\" data-elementor-id=\"504\" class=\"elementor elementor-504\">\n\t\t\t\t<div class=\"elementor-element elementor-element-52820717 e-flex e-con-boxed e-con e-parent\" data-id=\"52820717\" data-element_type=\"container\">\n\t\t\t\t\t<div class=\"e-con-inner\">\n\t\t\t\t<div class=\"elementor-element elementor-element-6d1c4103 elementor-widget elementor-widget-image-gallery\" data-id=\"6d1c4103\" data-element_type=\"widget\" data-widget_type=\"image-gallery.default\">\n\t\t\t\t<div class=\"elementor-widget-container\">\n\t\t\t<style>\/*! elementor - v3.23.0 - 15-07-2024 *\/\n.elementor-image-gallery .gallery-item{display:inline-block;text-align:center;vertical-align:top;width:100%;max-width:100%;margin:0 auto}.elementor-image-gallery .gallery-item img{margin:0 auto}.elementor-image-gallery .gallery-item .gallery-caption{margin:0}.elementor-image-gallery figure img{display:block}.elementor-image-gallery figure figcaption{width:100%}.gallery-spacing-custom .elementor-image-gallery .gallery-icon{padding:0}@media (min-width:768px){.elementor-image-gallery .gallery-columns-2 .gallery-item{max-width:50%}.elementor-image-gallery .gallery-columns-3 .gallery-item{max-width:33.33%}.elementor-image-gallery .gallery-columns-4 .gallery-item{max-width:25%}.elementor-image-gallery .gallery-columns-5 .gallery-item{max-width:20%}.elementor-image-gallery .gallery-columns-6 .gallery-item{max-width:16.666%}.elementor-image-gallery .gallery-columns-7 .gallery-item{max-width:14.28%}.elementor-image-gallery .gallery-columns-8 .gallery-item{max-width:12.5%}.elementor-image-gallery .gallery-columns-9 .gallery-item{max-width:11.11%}.elementor-image-gallery .gallery-columns-10 .gallery-item{max-width:10%}}@media (min-width:480px) and (max-width:767px){.elementor-image-gallery .gallery.gallery-columns-2 .gallery-item,.elementor-image-gallery .gallery.gallery-columns-3 .gallery-item,.elementor-image-gallery .gallery.gallery-columns-4 .gallery-item,.elementor-image-gallery .gallery.gallery-columns-5 .gallery-item,.elementor-image-gallery .gallery.gallery-columns-6 .gallery-item,.elementor-image-gallery .gallery.gallery-columns-7 .gallery-item,.elementor-image-gallery .gallery.gallery-columns-8 .gallery-item,.elementor-image-gallery .gallery.gallery-columns-9 .gallery-item,.elementor-image-gallery .gallery.gallery-columns-10 .gallery-item{max-width:50%}}@media (max-width:479px){.elementor-image-gallery .gallery.gallery-columns-2 .gallery-item,.elementor-image-gallery .gallery.gallery-columns-3 .gallery-item,.elementor-image-gallery .gallery.gallery-columns-4 .gallery-item,.elementor-image-gallery .gallery.gallery-columns-5 .gallery-item,.elementor-image-gallery .gallery.gallery-columns-6 .gallery-item,.elementor-image-gallery .gallery.gallery-columns-7 .gallery-item,.elementor-image-gallery .gallery.gallery-columns-8 .gallery-item,.elementor-image-gallery .gallery.gallery-columns-9 .gallery-item,.elementor-image-gallery .gallery.gallery-columns-10 .gallery-item{max-width:100%}}<\/style>\t\t<div class=\"elementor-image-gallery\">\n\t\t\t<div id='gallery-1' class='gallery galleryid-504 gallery-columns-3 gallery-size-medium'><figure class='gallery-item'>\n\t\t\t<div class='gallery-icon portrait'>\n\t\t\t\t<a data-elementor-open-lightbox=\"yes\" data-elementor-lightbox-slideshow=\"6d1c4103\" data-elementor-lightbox-title=\"La petite Antillaise\" data-elementor-lightbox-description=\"19*27 cm\" data-e-action-hash=\"#elementor-action%3Aaction%3Dlightbox%26settings%3DeyJpZCI6MjExLCJ1cmwiOiJodHRwczpcL1wvdW5pdmVyc2ZlZS5mclwvd3AtY29udGVudFwvdXBsb2Fkc1wvMjAyNFwvMDdcL0Nvc21vcG9saXRlLUxhLXBldGl0ZS1BbnRpbGxhaXNlLXJvdGF0ZWQtZTE3MjA1OTM0ODkxMjIuanBnIiwic2xpZGVzaG93IjoiNmQxYzQxMDMifQ%3D%3D\" href='https:\/\/universfee.fr\/wp-content\/uploads\/2024\/07\/Cosmopolite-La-petite-Antillaise-rotated-e1720593489122.jpg'><img fetchpriority=\"high\" decoding=\"async\" width=\"215\" height=\"300\" src=\"https:\/\/universfee.fr\/wp-content\/uploads\/2024\/07\/Cosmopolite-La-petite-Antillaise-rotated-e1720593489122-215x300.jpg\" class=\"attachment-medium size-medium\" alt=\"La petite Antillaise\" aria-describedby=\"gallery-1-211\" srcset=\"https:\/\/universfee.fr\/wp-content\/uploads\/2024\/07\/Cosmopolite-La-petite-Antillaise-rotated-e1720593489122-215x300.jpg 215w, https:\/\/universfee.fr\/wp-content\/uploads\/2024\/07\/Cosmopolite-La-petite-Antillaise-rotated-e1720593489122-735x1024.jpg 735w, https:\/\/universfee.fr\/wp-content\/uploads\/2024\/07\/Cosmopolite-La-petite-Antillaise-rotated-e1720593489122-768x1070.jpg 768w, https:\/\/universfee.fr\/wp-content\/uploads\/2024\/07\/Cosmopolite-La-petite-Antillaise-rotated-e1720593489122-1103x1536.jpg 1103w, https:\/\/universfee.fr\/wp-content\/uploads\/2024\/07\/Cosmopolite-La-petite-Antillaise-rotated-e1720593489122-1470x2048.jpg 1470w, https:\/\/universfee.fr\/wp-content\/uploads\/2024\/07\/Cosmopolite-La-petite-Antillaise-rotated-e1720593489122.jpg 1749w\" sizes=\"(max-width: 215px) 100vw, 215px\" \/><\/a>\n\t\t\t<\/div>\n\t\t\t\t<figcaption class='wp-caption-text gallery-caption' id='gallery-1-211'>\n\t\t\t\tLa petite Antillaise\n\t\t\t\t<\/figcaption><\/figure><figure class='gallery-item'>\n\t\t\t<div class='gallery-icon landscape'>\n\t\t\t\t<a data-elementor-open-lightbox=\"yes\" data-elementor-lightbox-slideshow=\"6d1c4103\" data-elementor-lightbox-title=\"Femme de Coeur\" data-elementor-lightbox-description=\"40*40 cm\" data-e-action-hash=\"#elementor-action%3Aaction%3Dlightbox%26settings%3DeyJpZCI6MTk3LCJ1cmwiOiJodHRwczpcL1wvdW5pdmVyc2ZlZS5mclwvd3AtY29udGVudFwvdXBsb2Fkc1wvMjAyNFwvMDdcL0xhLUZlbW1lLUZlbW1lLWRlLUNvZXVyLmpwZyIsInNsaWRlc2hvdyI6IjZkMWM0MTAzIn0%3D\" href='https:\/\/universfee.fr\/wp-content\/uploads\/2024\/07\/La-Femme-Femme-de-Coeur.jpg'><img decoding=\"async\" width=\"300\" height=\"282\" src=\"https:\/\/universfee.fr\/wp-content\/uploads\/2024\/07\/La-Femme-Femme-de-Coeur-300x282.jpg\" class=\"attachment-medium size-medium\" alt=\"Femme de Coeur\" aria-describedby=\"gallery-1-197\" srcset=\"https:\/\/universfee.fr\/wp-content\/uploads\/2024\/07\/La-Femme-Femme-de-Coeur-300x282.jpg 300w, https:\/\/universfee.fr\/wp-content\/uploads\/2024\/07\/La-Femme-Femme-de-Coeur-1024x962.jpg 1024w, https:\/\/universfee.fr\/wp-content\/uploads\/2024\/07\/La-Femme-Femme-de-Coeur-768x722.jpg 768w, https:\/\/universfee.fr\/wp-content\/uploads\/2024\/07\/La-Femme-Femme-de-Coeur-1536x1443.jpg 1536w, https:\/\/universfee.fr\/wp-content\/uploads\/2024\/07\/La-Femme-Femme-de-Coeur-2048x1924.jpg 2048w\" sizes=\"(max-width: 300px) 100vw, 300px\" \/><\/a>\n\t\t\t<\/div>\n\t\t\t\t<figcaption class='wp-caption-text gallery-caption' id='gallery-1-197'>\n\t\t\t\tFemme de Coeur\n\t\t\t\t<\/figcaption><\/figure><figure class='gallery-item'>\n\t\t\t<div class='gallery-icon portrait'>\n\t\t\t\t<a data-elementor-open-lightbox=\"yes\" data-elementor-lightbox-slideshow=\"6d1c4103\" data-elementor-lightbox-title=\"Femme Alg\u00e9rienne\" data-elementor-lightbox-description=\"27*41 cm \" data-e-action-hash=\"#elementor-action%3Aaction%3Dlightbox%26settings%3DeyJpZCI6MTk0LCJ1cmwiOiJodHRwczpcL1wvdW5pdmVyc2ZlZS5mclwvd3AtY29udGVudFwvdXBsb2Fkc1wvMjAyNFwvMDdcL0xhLUZlbW1lLUZlbW1lLUFsZ2VyaWVubmUuanBnIiwic2xpZGVzaG93IjoiNmQxYzQxMDMifQ%3D%3D\" href='https:\/\/universfee.fr\/wp-content\/uploads\/2024\/07\/La-Femme-Femme-Algerienne.jpg'><img decoding=\"async\" width=\"200\" height=\"300\" src=\"https:\/\/universfee.fr\/wp-content\/uploads\/2024\/07\/La-Femme-Femme-Algerienne-200x300.jpg\" class=\"attachment-medium size-medium\" alt=\"Femme Alg\u00e9rienne\" aria-describedby=\"gallery-1-194\" srcset=\"https:\/\/universfee.fr\/wp-content\/uploads\/2024\/07\/La-Femme-Femme-Algerienne-200x300.jpg 200w, https:\/\/universfee.fr\/wp-content\/uploads\/2024\/07\/La-Femme-Femme-Algerienne.jpg 333w\" sizes=\"(max-width: 200px) 100vw, 200px\" \/><\/a>\n\t\t\t<\/div>\n\t\t\t\t<figcaption class='wp-caption-text gallery-caption' id='gallery-1-194'>\n\t\t\t\tFemme Alg\u00e9rienne\n\t\t\t\t<\/figcaption><\/figure><figure class='gallery-item'>\n\t\t\t<div class='gallery-icon portrait'>\n\t\t\t\t<a data-elementor-open-lightbox=\"yes\" data-elementor-lightbox-slideshow=\"6d1c4103\" data-elementor-lightbox-title=\"Femme \u00e9lectrique\" data-elementor-lightbox-description=\"27*35 cm - vendu\" data-e-action-hash=\"#elementor-action%3Aaction%3Dlightbox%26settings%3DeyJpZCI6MTkwLCJ1cmwiOiJodHRwczpcL1wvdW5pdmVyc2ZlZS5mclwvd3AtY29udGVudFwvdXBsb2Fkc1wvMjAyNFwvMDdcL0xhLUZlbW1lLUZlbW1lLWVsZWN0cmlxdWUtc2NhbGVkLWUxNzM2Nzk2MTgxNTYwLmpwZyIsInNsaWRlc2hvdyI6IjZkMWM0MTAzIn0%3D\" href='https:\/\/universfee.fr\/wp-content\/uploads\/2024\/07\/La-Femme-Femme-electrique-scaled-e1736796181560.jpg'><img loading=\"lazy\" decoding=\"async\" width=\"231\" height=\"300\" src=\"https:\/\/universfee.fr\/wp-content\/uploads\/2024\/07\/La-Femme-Femme-electrique-scaled-e1736796181560-231x300.jpg\" class=\"attachment-medium size-medium\" alt=\"Femme \u00e9lectrique\" aria-describedby=\"gallery-1-190\" srcset=\"https:\/\/universfee.fr\/wp-content\/uploads\/2024\/07\/La-Femme-Femme-electrique-scaled-e1736796181560-231x300.jpg 231w, https:\/\/universfee.fr\/wp-content\/uploads\/2024\/07\/La-Femme-Femme-electrique-scaled-e1736796181560-788x1024.jpg 788w, https:\/\/universfee.fr\/wp-content\/uploads\/2024\/07\/La-Femme-Femme-electrique-scaled-e1736796181560-768x998.jpg 768w, https:\/\/universfee.fr\/wp-content\/uploads\/2024\/07\/La-Femme-Femme-electrique-scaled-e1736796181560-1182x1536.jpg 1182w, https:\/\/universfee.fr\/wp-content\/uploads\/2024\/07\/La-Femme-Femme-electrique-scaled-e1736796181560-1576x2048.jpg 1576w, https:\/\/universfee.fr\/wp-content\/uploads\/2024\/07\/La-Femme-Femme-electrique-scaled-e1736796181560.jpg 1970w\" sizes=\"(max-width: 231px) 100vw, 231px\" \/><\/a>\n\t\t\t<\/div>\n\t\t\t\t<figcaption class='wp-caption-text gallery-caption' id='gallery-1-190'>\n\t\t\t\tFemme \u00e9lectrique\n\t\t\t\t<\/figcaption><\/figure><figure class='gallery-item'>\n\t\t\t<div class='gallery-icon portrait'>\n\t\t\t\t<a data-elementor-open-lightbox=\"yes\" data-elementor-lightbox-slideshow=\"6d1c4103\" data-elementor-lightbox-title=\"Femme tr\u00e8fle\" data-elementor-lightbox-description=\"Vendu\" data-e-action-hash=\"#elementor-action%3Aaction%3Dlightbox%26settings%3DeyJpZCI6MTkyLCJ1cmwiOiJodHRwczpcL1wvdW5pdmVyc2ZlZS5mclwvd3AtY29udGVudFwvdXBsb2Fkc1wvMjAyNFwvMDdcL0xhLUZlbW1lLUZlbW1lLXRyZWZsZS5qcGciLCJzbGlkZXNob3ciOiI2ZDFjNDEwMyJ9\" href='https:\/\/universfee.fr\/wp-content\/uploads\/2024\/07\/La-Femme-Femme-trefle.jpg'><img loading=\"lazy\" decoding=\"async\" width=\"177\" height=\"300\" src=\"https:\/\/universfee.fr\/wp-content\/uploads\/2024\/07\/La-Femme-Femme-trefle-177x300.jpg\" class=\"attachment-medium size-medium\" alt=\"Femme tr\u00e8fle\" aria-describedby=\"gallery-1-192\" srcset=\"https:\/\/universfee.fr\/wp-content\/uploads\/2024\/07\/La-Femme-Femme-trefle-177x300.jpg 177w, https:\/\/universfee.fr\/wp-content\/uploads\/2024\/07\/La-Femme-Femme-trefle.jpg 230w\" sizes=\"(max-width: 177px) 100vw, 177px\" \/><\/a>\n\t\t\t<\/div>\n\t\t\t\t<figcaption class='wp-caption-text gallery-caption' id='gallery-1-192'>\n\t\t\t\tFemme tr\u00e8fle\n\t\t\t\t<\/figcaption><\/figure><figure class='gallery-item'>\n\t\t\t<div class='gallery-icon portrait'>\n\t\t\t\t<a data-elementor-open-lightbox=\"yes\" data-elementor-lightbox-slideshow=\"6d1c4103\" data-elementor-lightbox-title=\"La mari\u00e9e inconnue\" data-elementor-lightbox-description=\"10*60 cm - vendu\" data-e-action-hash=\"#elementor-action%3Aaction%3Dlightbox%26settings%3DeyJpZCI6MTkzLCJ1cmwiOiJodHRwczpcL1wvdW5pdmVyc2ZlZS5mclwvd3AtY29udGVudFwvdXBsb2Fkc1wvMjAyNFwvMDdcL0xhLUZlbW1lLUxhLW1hcmllZS1pbmNvbm51ZS5qcGciLCJzbGlkZXNob3ciOiI2ZDFjNDEwMyJ9\" href='https:\/\/universfee.fr\/wp-content\/uploads\/2024\/07\/La-Femme-La-mariee-inconnue.jpg'><img loading=\"lazy\" decoding=\"async\" width=\"57\" height=\"300\" src=\"https:\/\/universfee.fr\/wp-content\/uploads\/2024\/07\/La-Femme-La-mariee-inconnue-57x300.jpg\" class=\"attachment-medium size-medium\" alt=\"La mari\u00e9e inconnue\" aria-describedby=\"gallery-1-193\" srcset=\"https:\/\/universfee.fr\/wp-content\/uploads\/2024\/07\/La-Femme-La-mariee-inconnue-57x300.jpg 57w, https:\/\/universfee.fr\/wp-content\/uploads\/2024\/07\/La-Femme-La-mariee-inconnue.jpg 95w\" sizes=\"(max-width: 57px) 100vw, 57px\" \/><\/a>\n\t\t\t<\/div>\n\t\t\t\t<figcaption class='wp-caption-text gallery-caption' id='gallery-1-193'>\n\t\t\t\tLa mari\u00e9e inconnue\n\t\t\t\t<\/figcaption><\/figure>\n\t\t<\/div>\n\t\t<\/div>\n\t\t\t\t<\/div>\n\t\t\t\t<\/div>\n\t\t\t\t\t<\/div>\n\t\t\t\t<\/div>\n\t\t\t\t<\/div>\n\t\t","protected":false},"excerpt":{"rendered":"<p>La petite Antillaise Femme de Coeur Femme Alg\u00e9rienne Femme \u00e9lectrique Femme tr\u00e8fle La mari\u00e9e inconnue<\/p>\n","protected":false},"author":1,"featured_media":0,"parent":0,"menu_order":0,"comment_status":"closed","ping_status":"closed","template":"","meta":{"footnotes":""},"class_list":["post-504","page","type-page","status-publish","hentry"],"_links":{"self":[{"href":"https:\/\/universfee.fr\/index.php\/wp-json\/wp\/v2\/pages\/504","targetHints":{"allow":["GET"]}}],"collection":[{"href":"https:\/\/universfee.fr\/index.php\/wp-json\/wp\/v2\/pages"}],"about":[{"href":"https:\/\/universfee.fr\/index.php\/wp-json\/wp\/v2\/types\/page"}],"author":[{"embeddable":true,"href":"https:\/\/universfee.fr\/index.php\/wp-json\/wp\/v2\/users\/1"}],"replies":[{"embeddable":true,"href":"https:\/\/universfee.fr\/index.php\/wp-json\/wp\/v2\/comments?post=504"}],"version-history":[{"count":4,"href":"https:\/\/universfee.fr\/index.php\/wp-json\/wp\/v2\/pages\/504\/revisions"}],"predecessor-version":[{"id":508,"href":"https:\/\/universfee.fr\/index.php\/wp-json\/wp\/v2\/pages\/504\/revisions\/508"}],"wp:attachment":[{"href":"https:\/\/universfee.fr\/index.php\/wp-json\/wp\/v2\/media?parent=504"}],"curies":[{"name":"wp","href":"https:\/\/api.w.org\/{rel}","templated":true}]}}