{"id":512,"date":"2025-03-04T18:33:11","date_gmt":"2025-03-04T17:33:11","guid":{"rendered":"https:\/\/universfee.fr\/?page_id=512"},"modified":"2025-03-04T18:34:47","modified_gmt":"2025-03-04T17:34:47","slug":"nu-feminin","status":"publish","type":"page","link":"https:\/\/universfee.fr\/index.php\/nu-feminin\/","title":{"rendered":"Nu f\u00e9minin"},"content":{"rendered":"\t\t<div data-elementor-type=\"wp-page\" data-elementor-id=\"512\" class=\"elementor elementor-512\">\n\t\t\t\t<div class=\"elementor-element elementor-element-71ad4337 e-flex e-con-boxed e-con e-parent\" data-id=\"71ad4337\" data-element_type=\"container\">\n\t\t\t\t\t<div class=\"e-con-inner\">\n\t\t\t\t<div class=\"elementor-element elementor-element-4757113f elementor-widget elementor-widget-image-gallery\" data-id=\"4757113f\" data-element_type=\"widget\" data-widget_type=\"image-gallery.default\">\n\t\t\t\t<div class=\"elementor-widget-container\">\n\t\t\t<style>\/*! elementor - v3.23.0 - 15-07-2024 *\/\n.elementor-image-gallery .gallery-item{display:inline-block;text-align:center;vertical-align:top;width:100%;max-width:100%;margin:0 auto}.elementor-image-gallery .gallery-item img{margin:0 auto}.elementor-image-gallery .gallery-item .gallery-caption{margin:0}.elementor-image-gallery figure img{display:block}.elementor-image-gallery figure figcaption{width:100%}.gallery-spacing-custom .elementor-image-gallery .gallery-icon{padding:0}@media (min-width:768px){.elementor-image-gallery .gallery-columns-2 .gallery-item{max-width:50%}.elementor-image-gallery .gallery-columns-3 .gallery-item{max-width:33.33%}.elementor-image-gallery .gallery-columns-4 .gallery-item{max-width:25%}.elementor-image-gallery .gallery-columns-5 .gallery-item{max-width:20%}.elementor-image-gallery .gallery-columns-6 .gallery-item{max-width:16.666%}.elementor-image-gallery .gallery-columns-7 .gallery-item{max-width:14.28%}.elementor-image-gallery .gallery-columns-8 .gallery-item{max-width:12.5%}.elementor-image-gallery .gallery-columns-9 .gallery-item{max-width:11.11%}.elementor-image-gallery .gallery-columns-10 .gallery-item{max-width:10%}}@media (min-width:480px) and (max-width:767px){.elementor-image-gallery .gallery.gallery-columns-2 .gallery-item,.elementor-image-gallery .gallery.gallery-columns-3 .gallery-item,.elementor-image-gallery .gallery.gallery-columns-4 .gallery-item,.elementor-image-gallery .gallery.gallery-columns-5 .gallery-item,.elementor-image-gallery .gallery.gallery-columns-6 .gallery-item,.elementor-image-gallery .gallery.gallery-columns-7 .gallery-item,.elementor-image-gallery .gallery.gallery-columns-8 .gallery-item,.elementor-image-gallery .gallery.gallery-columns-9 .gallery-item,.elementor-image-gallery .gallery.gallery-columns-10 .gallery-item{max-width:50%}}@media (max-width:479px){.elementor-image-gallery .gallery.gallery-columns-2 .gallery-item,.elementor-image-gallery .gallery.gallery-columns-3 .gallery-item,.elementor-image-gallery .gallery.gallery-columns-4 .gallery-item,.elementor-image-gallery .gallery.gallery-columns-5 .gallery-item,.elementor-image-gallery .gallery.gallery-columns-6 .gallery-item,.elementor-image-gallery .gallery.gallery-columns-7 .gallery-item,.elementor-image-gallery .gallery.gallery-columns-8 .gallery-item,.elementor-image-gallery .gallery.gallery-columns-9 .gallery-item,.elementor-image-gallery .gallery.gallery-columns-10 .gallery-item{max-width:100%}}<\/style>\t\t<div class=\"elementor-image-gallery\">\n\t\t\t<div id='gallery-1' class='gallery galleryid-512 gallery-columns-3 gallery-size-medium'><figure class='gallery-item'>\n\t\t\t<div class='gallery-icon landscape'>\n\t\t\t\t<a data-elementor-open-lightbox=\"yes\" data-elementor-lightbox-slideshow=\"4757113f\" data-elementor-lightbox-title=\"Nu-feminin_nu_abstrait\" data-e-action-hash=\"#elementor-action%3Aaction%3Dlightbox%26settings%3DeyJpZCI6NDUzLCJ1cmwiOiJodHRwczpcL1wvdW5pdmVyc2ZlZS5mclwvd3AtY29udGVudFwvdXBsb2Fkc1wvMjAyNFwvMDdcL051LWZlbWluaW5fbnVfYWJzdHJhaXQuanBnIiwic2xpZGVzaG93IjoiNDc1NzExM2YifQ%3D%3D\" href='https:\/\/universfee.fr\/wp-content\/uploads\/2024\/07\/Nu-feminin_nu_abstrait.jpg'><img fetchpriority=\"high\" decoding=\"async\" width=\"300\" height=\"244\" src=\"https:\/\/universfee.fr\/wp-content\/uploads\/2024\/07\/Nu-feminin_nu_abstrait-300x244.jpg\" class=\"attachment-medium size-medium\" alt=\"\" srcset=\"https:\/\/universfee.fr\/wp-content\/uploads\/2024\/07\/Nu-feminin_nu_abstrait-300x244.jpg 300w, https:\/\/universfee.fr\/wp-content\/uploads\/2024\/07\/Nu-feminin_nu_abstrait-1024x834.jpg 1024w, https:\/\/universfee.fr\/wp-content\/uploads\/2024\/07\/Nu-feminin_nu_abstrait-768x626.jpg 768w, https:\/\/universfee.fr\/wp-content\/uploads\/2024\/07\/Nu-feminin_nu_abstrait-1536x1252.jpg 1536w, https:\/\/universfee.fr\/wp-content\/uploads\/2024\/07\/Nu-feminin_nu_abstrait-2048x1669.jpg 2048w\" sizes=\"(max-width: 300px) 100vw, 300px\" \/><\/a>\n\t\t\t<\/div><\/figure><figure class='gallery-item'>\n\t\t\t<div class='gallery-icon portrait'>\n\t\t\t\t<a data-elementor-open-lightbox=\"yes\" data-elementor-lightbox-slideshow=\"4757113f\" data-elementor-lightbox-title=\"Beaut\u00e9 des Seins\" data-e-action-hash=\"#elementor-action%3Aaction%3Dlightbox%26settings%3DeyJpZCI6MjAzLCJ1cmwiOiJodHRwczpcL1wvdW5pdmVyc2ZlZS5mclwvd3AtY29udGVudFwvdXBsb2Fkc1wvMjAyNFwvMDdcL051LUZlbWluaW4tQmVhdXRlLWRlcy1TZWlucy1zY2FsZWQtZTE3NDEzNjg1MjM3NTguanBnIiwic2xpZGVzaG93IjoiNDc1NzExM2YifQ%3D%3D\" data-elementor-lightbox-description=\"52*61.5 cm\" href='https:\/\/universfee.fr\/wp-content\/uploads\/2024\/07\/Nu-Feminin-Beaute-des-Seins-scaled-e1741368523758.jpg'><img decoding=\"async\" width=\"245\" height=\"300\" src=\"https:\/\/universfee.fr\/wp-content\/uploads\/2024\/07\/Nu-Feminin-Beaute-des-Seins-scaled-e1741368523758-245x300.jpg\" class=\"attachment-medium size-medium\" alt=\"Beaut\u00e9 des Seins\" aria-describedby=\"gallery-1-203\" srcset=\"https:\/\/universfee.fr\/wp-content\/uploads\/2024\/07\/Nu-Feminin-Beaute-des-Seins-scaled-e1741368523758-245x300.jpg 245w, https:\/\/universfee.fr\/wp-content\/uploads\/2024\/07\/Nu-Feminin-Beaute-des-Seins-scaled-e1741368523758-837x1024.jpg 837w, https:\/\/universfee.fr\/wp-content\/uploads\/2024\/07\/Nu-Feminin-Beaute-des-Seins-scaled-e1741368523758-768x940.jpg 768w, https:\/\/universfee.fr\/wp-content\/uploads\/2024\/07\/Nu-Feminin-Beaute-des-Seins-scaled-e1741368523758-1255x1536.jpg 1255w, https:\/\/universfee.fr\/wp-content\/uploads\/2024\/07\/Nu-Feminin-Beaute-des-Seins-scaled-e1741368523758-1674x2048.jpg 1674w\" sizes=\"(max-width: 245px) 100vw, 245px\" \/><\/a>\n\t\t\t<\/div>\n\t\t\t\t<figcaption class='wp-caption-text gallery-caption' id='gallery-1-203'>\n\t\t\t\t Beaut\u00e9 des Seins\n\t\t\t\t<\/figcaption><\/figure><figure class='gallery-item'>\n\t\t\t<div class='gallery-icon portrait'>\n\t\t\t\t<a data-elementor-open-lightbox=\"yes\" data-elementor-lightbox-slideshow=\"4757113f\" data-elementor-lightbox-title=\"Libertine\" data-e-action-hash=\"#elementor-action%3Aaction%3Dlightbox%26settings%3DeyJpZCI6MjAyLCJ1cmwiOiJodHRwczpcL1wvdW5pdmVyc2ZlZS5mclwvd3AtY29udGVudFwvdXBsb2Fkc1wvMjAyNFwvMDdcL051LUZlbWluaW4tTGliZXJ0aW5lLXNjYWxlZC1lMTc0MTM2ODU1MDc3Ni5qcGciLCJzbGlkZXNob3ciOiI0NzU3MTEzZiJ9\" data-elementor-lightbox-description=\"65*31 cm vendu\" href='https:\/\/universfee.fr\/wp-content\/uploads\/2024\/07\/Nu-Feminin-Libertine-scaled-e1741368550776.jpg'><img decoding=\"async\" width=\"231\" height=\"300\" src=\"https:\/\/universfee.fr\/wp-content\/uploads\/2024\/07\/Nu-Feminin-Libertine-scaled-e1741368550776-231x300.jpg\" class=\"attachment-medium size-medium\" alt=\"Libertine\" aria-describedby=\"gallery-1-202\" srcset=\"https:\/\/universfee.fr\/wp-content\/uploads\/2024\/07\/Nu-Feminin-Libertine-scaled-e1741368550776-231x300.jpg 231w, https:\/\/universfee.fr\/wp-content\/uploads\/2024\/07\/Nu-Feminin-Libertine-scaled-e1741368550776-789x1024.jpg 789w, https:\/\/universfee.fr\/wp-content\/uploads\/2024\/07\/Nu-Feminin-Libertine-scaled-e1741368550776-768x996.jpg 768w, https:\/\/universfee.fr\/wp-content\/uploads\/2024\/07\/Nu-Feminin-Libertine-scaled-e1741368550776-1184x1536.jpg 1184w, https:\/\/universfee.fr\/wp-content\/uploads\/2024\/07\/Nu-Feminin-Libertine-scaled-e1741368550776-1578x2048.jpg 1578w, https:\/\/universfee.fr\/wp-content\/uploads\/2024\/07\/Nu-Feminin-Libertine-scaled-e1741368550776.jpg 1973w\" sizes=\"(max-width: 231px) 100vw, 231px\" \/><\/a>\n\t\t\t<\/div>\n\t\t\t\t<figcaption class='wp-caption-text gallery-caption' id='gallery-1-202'>\n\t\t\t\t Libertine\n\t\t\t\t<\/figcaption><\/figure><figure class='gallery-item'>\n\t\t\t<div class='gallery-icon portrait'>\n\t\t\t\t<a data-elementor-open-lightbox=\"yes\" data-elementor-lightbox-slideshow=\"4757113f\" data-elementor-lightbox-title=\"Priv\u00e9 II - A demi-nue (bis)\" data-e-action-hash=\"#elementor-action%3Aaction%3Dlightbox%26settings%3DeyJpZCI6MjAxLCJ1cmwiOiJodHRwczpcL1wvdW5pdmVyc2ZlZS5mclwvd3AtY29udGVudFwvdXBsb2Fkc1wvMjAyNFwvMDdcL051LUZlbWluaW4tUHJpdmUtSUktQS1kZW1pLW51ZS1iaXMtc2NhbGVkLWUxNzQxMzY4NDQ2NzI5LmpwZyIsInNsaWRlc2hvdyI6IjQ3NTcxMTNmIn0%3D\" data-elementor-lightbox-description=\"20*40 cm\" href='https:\/\/universfee.fr\/wp-content\/uploads\/2024\/07\/Nu-Feminin-Prive-II-A-demi-nue-bis-scaled-e1741368446729.jpg'><img loading=\"lazy\" decoding=\"async\" width=\"149\" height=\"300\" src=\"https:\/\/universfee.fr\/wp-content\/uploads\/2024\/07\/Nu-Feminin-Prive-II-A-demi-nue-bis-scaled-e1741368446729-149x300.jpg\" class=\"attachment-medium size-medium\" alt=\"Priv\u00e9 II - A demi-nue (bis)\" aria-describedby=\"gallery-1-201\" srcset=\"https:\/\/universfee.fr\/wp-content\/uploads\/2024\/07\/Nu-Feminin-Prive-II-A-demi-nue-bis-scaled-e1741368446729-149x300.jpg 149w, https:\/\/universfee.fr\/wp-content\/uploads\/2024\/07\/Nu-Feminin-Prive-II-A-demi-nue-bis-scaled-e1741368446729-508x1024.jpg 508w, https:\/\/universfee.fr\/wp-content\/uploads\/2024\/07\/Nu-Feminin-Prive-II-A-demi-nue-bis-scaled-e1741368446729-768x1547.jpg 768w, https:\/\/universfee.fr\/wp-content\/uploads\/2024\/07\/Nu-Feminin-Prive-II-A-demi-nue-bis-scaled-e1741368446729-763x1536.jpg 763w, https:\/\/universfee.fr\/wp-content\/uploads\/2024\/07\/Nu-Feminin-Prive-II-A-demi-nue-bis-scaled-e1741368446729-1017x2048.jpg 1017w, https:\/\/universfee.fr\/wp-content\/uploads\/2024\/07\/Nu-Feminin-Prive-II-A-demi-nue-bis-scaled-e1741368446729.jpg 1271w\" sizes=\"(max-width: 149px) 100vw, 149px\" \/><\/a>\n\t\t\t<\/div>\n\t\t\t\t<figcaption class='wp-caption-text gallery-caption' id='gallery-1-201'>\n\t\t\t\tPriv\u00e9 II &#8211; A demi-nue (bis)\n\t\t\t\t<\/figcaption><\/figure><figure class='gallery-item'>\n\t\t\t<div class='gallery-icon portrait'>\n\t\t\t\t<a data-elementor-open-lightbox=\"yes\" data-elementor-lightbox-slideshow=\"4757113f\" data-elementor-lightbox-title=\"Priv\u00e9 I - A demi-nue\" data-e-action-hash=\"#elementor-action%3Aaction%3Dlightbox%26settings%3DeyJpZCI6MjAwLCJ1cmwiOiJodHRwczpcL1wvdW5pdmVyc2ZlZS5mclwvd3AtY29udGVudFwvdXBsb2Fkc1wvMjAyNFwvMDdcL051LUZlbWluaW4tUHJpdmUtSS1BLWRlbWktbnVlLXJvdGF0ZWQtZTE3NDEzNjg0ODU5MTYuanBnIiwic2xpZGVzaG93IjoiNDc1NzExM2YifQ%3D%3D\" data-elementor-lightbox-description=\"20*40 cm\" href='https:\/\/universfee.fr\/wp-content\/uploads\/2024\/07\/Nu-Feminin-Prive-I-A-demi-nue-rotated-e1741368485916.jpg'><img loading=\"lazy\" decoding=\"async\" width=\"153\" height=\"300\" src=\"https:\/\/universfee.fr\/wp-content\/uploads\/2024\/07\/Nu-Feminin-Prive-I-A-demi-nue-rotated-e1741368485916-153x300.jpg\" class=\"attachment-medium size-medium\" alt=\"Priv\u00e9 I - A demi-nue\" aria-describedby=\"gallery-1-200\" srcset=\"https:\/\/universfee.fr\/wp-content\/uploads\/2024\/07\/Nu-Feminin-Prive-I-A-demi-nue-rotated-e1741368485916-153x300.jpg 153w, https:\/\/universfee.fr\/wp-content\/uploads\/2024\/07\/Nu-Feminin-Prive-I-A-demi-nue-rotated-e1741368485916.jpg 184w\" sizes=\"(max-width: 153px) 100vw, 153px\" \/><\/a>\n\t\t\t<\/div>\n\t\t\t\t<figcaption class='wp-caption-text gallery-caption' id='gallery-1-200'>\n\t\t\t\tPriv\u00e9 I &#8211; A demi-nue\n\t\t\t\t<\/figcaption><\/figure><figure class='gallery-item'>\n\t\t\t<div class='gallery-icon portrait'>\n\t\t\t\t<a data-elementor-open-lightbox=\"yes\" data-elementor-lightbox-slideshow=\"4757113f\" data-elementor-lightbox-title=\"Priv\u00e9 - Histoire de C\" data-e-action-hash=\"#elementor-action%3Aaction%3Dlightbox%26settings%3DeyJpZCI6MTk5LCJ1cmwiOiJodHRwczpcL1wvdW5pdmVyc2ZlZS5mclwvd3AtY29udGVudFwvdXBsb2Fkc1wvMjAyNFwvMDdcL051LUZlbWluaW4tUHJpdmUtSGlzdG9pcmUtZGUtQy1zY2FsZWQtZTE3NDEzNjg1ODA5NzMuanBnIiwic2xpZGVzaG93IjoiNDc1NzExM2YifQ%3D%3D\" data-elementor-lightbox-description=\"20*40 cm - vendu\" href='https:\/\/universfee.fr\/wp-content\/uploads\/2024\/07\/Nu-Feminin-Prive-Histoire-de-C-scaled-e1741368580973.jpg'><img loading=\"lazy\" decoding=\"async\" width=\"151\" height=\"300\" src=\"https:\/\/universfee.fr\/wp-content\/uploads\/2024\/07\/Nu-Feminin-Prive-Histoire-de-C-scaled-e1741368580973-151x300.jpg\" class=\"attachment-medium size-medium\" alt=\"Priv\u00e9 - Histoire de C\" aria-describedby=\"gallery-1-199\" srcset=\"https:\/\/universfee.fr\/wp-content\/uploads\/2024\/07\/Nu-Feminin-Prive-Histoire-de-C-scaled-e1741368580973-151x300.jpg 151w, https:\/\/universfee.fr\/wp-content\/uploads\/2024\/07\/Nu-Feminin-Prive-Histoire-de-C-scaled-e1741368580973-514x1024.jpg 514w, https:\/\/universfee.fr\/wp-content\/uploads\/2024\/07\/Nu-Feminin-Prive-Histoire-de-C-scaled-e1741368580973-768x1529.jpg 768w, https:\/\/universfee.fr\/wp-content\/uploads\/2024\/07\/Nu-Feminin-Prive-Histoire-de-C-scaled-e1741368580973-772x1536.jpg 772w, https:\/\/universfee.fr\/wp-content\/uploads\/2024\/07\/Nu-Feminin-Prive-Histoire-de-C-scaled-e1741368580973-1029x2048.jpg 1029w, https:\/\/universfee.fr\/wp-content\/uploads\/2024\/07\/Nu-Feminin-Prive-Histoire-de-C-scaled-e1741368580973.jpg 1286w\" sizes=\"(max-width: 151px) 100vw, 151px\" \/><\/a>\n\t\t\t<\/div>\n\t\t\t\t<figcaption class='wp-caption-text gallery-caption' id='gallery-1-199'>\n\t\t\t\tPriv\u00e9 &#8211; Histoire de C\n\t\t\t\t<\/figcaption><\/figure>\n\t\t<\/div>\n\t\t<\/div>\n\t\t\t\t<\/div>\n\t\t\t\t<\/div>\n\t\t\t\t\t<\/div>\n\t\t\t\t<\/div>\n\t\t\t\t<\/div>\n\t\t","protected":false},"excerpt":{"rendered":"<p>Beaut\u00e9 des Seins Libertine Priv\u00e9 II &#8211; A demi-nue (bis) Priv\u00e9 I &#8211; A demi-nue Priv\u00e9 &#8211; Histoire de C<\/p>\n","protected":false},"author":1,"featured_media":0,"parent":0,"menu_order":0,"comment_status":"closed","ping_status":"closed","template":"","meta":{"footnotes":""},"class_list":["post-512","page","type-page","status-publish","hentry"],"_links":{"self":[{"href":"https:\/\/universfee.fr\/index.php\/wp-json\/wp\/v2\/pages\/512","targetHints":{"allow":["GET"]}}],"collection":[{"href":"https:\/\/universfee.fr\/index.php\/wp-json\/wp\/v2\/pages"}],"about":[{"href":"https:\/\/universfee.fr\/index.php\/wp-json\/wp\/v2\/types\/page"}],"author":[{"embeddable":true,"href":"https:\/\/universfee.fr\/index.php\/wp-json\/wp\/v2\/users\/1"}],"replies":[{"embeddable":true,"href":"https:\/\/universfee.fr\/index.php\/wp-json\/wp\/v2\/comments?post=512"}],"version-history":[{"count":4,"href":"https:\/\/universfee.fr\/index.php\/wp-json\/wp\/v2\/pages\/512\/revisions"}],"predecessor-version":[{"id":516,"href":"https:\/\/universfee.fr\/index.php\/wp-json\/wp\/v2\/pages\/512\/revisions\/516"}],"wp:attachment":[{"href":"https:\/\/universfee.fr\/index.php\/wp-json\/wp\/v2\/media?parent=512"}],"curies":[{"name":"wp","href":"https:\/\/api.w.org\/{rel}","templated":true}]}}