{"id":52,"date":"2024-04-23T22:34:28","date_gmt":"2024-04-23T20:34:28","guid":{"rendered":"https:\/\/universfee.fr\/?page_id=52"},"modified":"2024-07-30T19:12:38","modified_gmt":"2024-07-30T17:12:38","slug":"lame-du-peintre","status":"publish","type":"page","link":"https:\/\/universfee.fr\/","title":{"rendered":"L\u2019\u00e2me du peintre"},"content":{"rendered":"\n<p class=\"has-text-align-center\"><strong>Bienvenue sur Universfee.com<\/strong><\/p>\n\n\n\n<p class=\"has-text-align-center\">L&rsquo;\u00e2me du peintre<\/p>\n\n\n\n<p class=\"has-text-align-center\">Au silence que je suis lorsque je peins,<br>Le temps n&rsquo;a plus sa raison d&rsquo;\u00eatre&#8230; je suis bien.<br><br>Au silence que je suis lorsque je peins,<br>Se d\u00e9gage de ces parfums de fleurs,<br>Du rendu de ces couleurs,<br>La beaut\u00e9, mais aussi la fragilit\u00e9 de la vie.<br><br>Au silence que je suis lorsque je peins,<br>Se d\u00e9gage de ces \u00eatres humains,<br>La pauvret\u00e9, mais aussi la richesse des mains<br>de celui qui les peint.<br><br>Au silence que je suis lorsque je peins,<br>L&rsquo;envie soudaine de se poser, de s&rsquo;en impr\u00e9gner,<br>de les \u00e9couter se fait sentir,<br>pour partir peut-\u00eatre assez loin,<br>et ne revenir que serein.<\/p>\n\n\n\n<p class=\"has-text-align-right\"><br><strong>Claire CROZIER<\/strong><br><\/p>\n","protected":false},"excerpt":{"rendered":"<p>Bienvenue sur Universfee.com L&rsquo;\u00e2me du peintre Au silence que je suis lorsque je peins,Le temps n&rsquo;a plus sa raison d&rsquo;\u00eatre&#8230; je suis bien. Au silence que je suis lorsque je peins,Se d\u00e9gage de ces parfums de fleurs,Du rendu de ces couleurs,La beaut\u00e9, mais aussi la fragilit\u00e9 de la vie. Au silence que je suis lorsque [&hellip;]<\/p>\n","protected":false},"author":1,"featured_media":0,"parent":0,"menu_order":0,"comment_status":"closed","ping_status":"closed","template":"","meta":{"footnotes":""},"class_list":["post-52","page","type-page","status-publish","hentry"],"_links":{"self":[{"href":"https:\/\/universfee.fr\/index.php\/wp-json\/wp\/v2\/pages\/52","targetHints":{"allow":["GET"]}}],"collection":[{"href":"https:\/\/universfee.fr\/index.php\/wp-json\/wp\/v2\/pages"}],"about":[{"href":"https:\/\/universfee.fr\/index.php\/wp-json\/wp\/v2\/types\/page"}],"author":[{"embeddable":true,"href":"https:\/\/universfee.fr\/index.php\/wp-json\/wp\/v2\/users\/1"}],"replies":[{"embeddable":true,"href":"https:\/\/universfee.fr\/index.php\/wp-json\/wp\/v2\/comments?post=52"}],"version-history":[{"count":3,"href":"https:\/\/universfee.fr\/index.php\/wp-json\/wp\/v2\/pages\/52\/revisions"}],"predecessor-version":[{"id":439,"href":"https:\/\/universfee.fr\/index.php\/wp-json\/wp\/v2\/pages\/52\/revisions\/439"}],"wp:attachment":[{"href":"https:\/\/universfee.fr\/index.php\/wp-json\/wp\/v2\/media?parent=52"}],"curies":[{"name":"wp","href":"https:\/\/api.w.org\/{rel}","templated":true}]}}