{"id":72,"date":"2024-06-10T09:51:36","date_gmt":"2024-06-10T07:51:36","guid":{"rendered":"https:\/\/universfee.fr\/?page_id=72"},"modified":"2024-08-19T20:13:07","modified_gmt":"2024-08-19T18:13:07","slug":"qui-suis-je","status":"publish","type":"page","link":"https:\/\/universfee.fr\/index.php\/qui-suis-je\/","title":{"rendered":"Qui Suis-je ?"},"content":{"rendered":"\n<h1 class=\"wp-block-heading\"><\/h1>\n\n\n\n<p><\/p>\n\n\n\n<figure class=\"wp-block-image size-medium is-style-default\"><img fetchpriority=\"high\" decoding=\"async\" width=\"300\" height=\"225\" src=\"https:\/\/universfee.fr\/wp-content\/uploads\/2024\/07\/IMG_3244-300x225.jpg\" alt=\"\" class=\"wp-image-404\" srcset=\"https:\/\/universfee.fr\/wp-content\/uploads\/2024\/07\/IMG_3244-300x225.jpg 300w, https:\/\/universfee.fr\/wp-content\/uploads\/2024\/07\/IMG_3244-1024x768.jpg 1024w, https:\/\/universfee.fr\/wp-content\/uploads\/2024\/07\/IMG_3244-768x576.jpg 768w, https:\/\/universfee.fr\/wp-content\/uploads\/2024\/07\/IMG_3244-1536x1152.jpg 1536w, https:\/\/universfee.fr\/wp-content\/uploads\/2024\/07\/IMG_3244-2048x1536.jpg 2048w\" sizes=\"(max-width: 300px) 100vw, 300px\" \/><\/figure>\n\n\n\n<p>Je suis Claire CROZIER, issue d\u2019une fratrie de 6 enfants, 4 gar\u00e7ons et 1 fausse jumelle\u2026 pure produit du beaujolais. Mon p\u00e8re \u00e9tait viticulteur et ma maman, m\u00e8re au foyer, donnait la main \u00e9galement pour la bonne tenue de l\u2019exploitation viticole. L\u2019envie de cr\u00e9er, de travailler de mes mains existe depuis mon enfance, gr\u00e2ce \u00e0 mes parents. Encore MERCI \u00e0 vous du fond du coeur de m\u2019avoir transmis cette \u00e2me d\u2019artiste.<br><br>Je peins depuis 2003. Je ressentais le besoin d\u2019acqu\u00e9rir une certaine technicit\u00e9, aussi j\u2019ai pass\u00e9 trois ann\u00e9es au sein d\u2019un groupe tr\u00e8s sympathique pour lequel je n\u2019oublie pas tous ces moments de partage ensemble. J\u2019ai depuis pris mon envol et je ne regrette rien.<br><br>Je vous laisse vous \u00e9vader \u00e0 la d\u00e9couverte de ce site refl\u00e9tant tout simplement ma passion. C\u2019est avec beaucoup d\u2019\u00e9motion que je vous ouvre les<a href=\"https:\/\/universfee.fr\/\">\u00a0<strong>portes de mon Univers<\/strong><\/a><strong>\u2026 L\u2019AME DU PEINTRE<\/strong>. Laissez vous guider\u2026 prenez le temps&#8230; d\u00e9shabillez-les de votre regard le plus intense. Si l\u2019envie se fait sentir\u2026 parlez avec elles.\u00a0N\u2019ayez craintes\u2026 en les touchant avec votre c\u0153ur, elles sauront vous rendre le plus beau de leur \u00e2me. Et comme le dit si bien la\u00a0<strong><a href=\"https:\/\/universfee.fr\/\">page d\u2019accueil de mon site<\/a><\/strong>, j\u2019esp\u00e8re que votre c\u0153ur et votre \u00e2me ressentiront la m\u00eame sensibilit\u00e9 que\u00a0d\u00e9gage mes cr\u00e9ations r\u00e9alis\u00e9es selon mon inspiration, ainsi que les vibrations de la musique.<\/p>\n\n\n\n<p><\/p>\n\n\n\n<hr class=\"wp-block-separator has-alpha-channel-opacity\"\/>\n\n\n\n<p><\/p>\n\n\n\n<p><strong>On en parle dans la presse<\/strong><\/p>\n\n\n\n<ul class=\"wp-block-list\">\n<li>2017\n<ul class=\"wp-block-list\">\n<li><a href=\"http:\/\/universfee.fr\/wp-content\/uploads\/2024\/06\/Scan03_06_24-15_20_01-2017.pdf\">Le Patriote<\/a><\/li>\n\n\n\n<li><a href=\"http:\/\/universfee.fr\/wp-content\/uploads\/2024\/06\/Scan03_06_24-15_19_29-2017.pdf\">Le Patriote<\/a><\/li>\n\n\n\n<li><a href=\"http:\/\/universfee.fr\/wp-content\/uploads\/2024\/06\/Scan03_06_24-15_20_50-2017.pdf\">Le Patriote<\/a><\/li>\n<\/ul>\n<\/li>\n\n\n\n<li>2016\n<ul class=\"wp-block-list\">\n<li><a href=\"http:\/\/universfee.fr\/wp-content\/uploads\/2024\/06\/Scan03_06_24-15_18_47-2016.pdf\">Le Patriote<\/a><\/li>\n<\/ul>\n<\/li>\n\n\n\n<li>2014\n<ul class=\"wp-block-list\">\n<li><a href=\"http:\/\/universfee.fr\/wp-content\/uploads\/2024\/06\/Scan03_06_24-15_18_17-2014.pdf\">Le Progr\u00e8s<\/a><\/li>\n<\/ul>\n<\/li>\n\n\n\n<li>2013\n<ul class=\"wp-block-list\">\n<li><a href=\"http:\/\/universfee.fr\/wp-content\/uploads\/2024\/06\/Scan03_06_24-15_15_32-2013.pdf\">Le Progr\u00e8s<\/a><\/li>\n\n\n\n<li><a href=\"http:\/\/universfee.fr\/wp-content\/uploads\/2024\/06\/Scan03_06_24-15_16_00-2013.pdf\">Le Patriote<\/a><\/li>\n\n\n\n<li><a href=\"http:\/\/universfee.fr\/wp-content\/uploads\/2024\/06\/Scan03_06_24-15_16_35-2013.pdf\">Le Progr\u00e8s<\/a><\/li>\n\n\n\n<li><a href=\"http:\/\/universfee.fr\/wp-content\/uploads\/2024\/06\/Scan03_06_24-15_17_14-2013.pdf\">Le Pays<\/a><\/li>\n<\/ul>\n<\/li>\n\n\n\n<li>2012\n<ul class=\"wp-block-list\">\n<li><a href=\"http:\/\/universfee.fr\/wp-content\/uploads\/2024\/06\/Scan03_06_24-15_11_51-2012.pdf\">Mosaique<\/a><\/li>\n\n\n\n<li><a href=\"http:\/\/universfee.fr\/wp-content\/uploads\/2024\/06\/Scan03_06_24-15_14_49-2012.pdf\">Le Progr\u00e8s<\/a><\/li>\n\n\n\n<li><a href=\"http:\/\/universfee.fr\/wp-content\/uploads\/2024\/06\/Scan03_06_24-15_14_16-2012.pdf\">Article de presse<\/a><\/li>\n\n\n\n<li><a href=\"http:\/\/universfee.fr\/wp-content\/uploads\/2024\/06\/Scan03_06_24-15_12_39-2012.pdf\">Le Patriote<\/a><\/li>\n<\/ul>\n<\/li>\n\n\n\n<li>2011\n<ul class=\"wp-block-list\">\n<li><a href=\"http:\/\/universfee.fr\/wp-content\/uploads\/2024\/06\/Scan03_06_24-15_29_17-2011.pdf\">Article de presse<\/a><\/li>\n<\/ul>\n<\/li>\n<\/ul>\n","protected":false},"excerpt":{"rendered":"<p>Je suis Claire CROZIER, issue d\u2019une fratrie de 6 enfants, 4 gar\u00e7ons et 1 fausse jumelle\u2026 pure produit du beaujolais. Mon p\u00e8re \u00e9tait viticulteur et ma maman, m\u00e8re au foyer, donnait la main \u00e9galement pour la bonne tenue de l\u2019exploitation viticole. L\u2019envie de cr\u00e9er, de travailler de mes mains existe depuis mon enfance, gr\u00e2ce \u00e0 [&hellip;]<\/p>\n","protected":false},"author":1,"featured_media":0,"parent":0,"menu_order":0,"comment_status":"closed","ping_status":"closed","template":"","meta":{"footnotes":""},"class_list":["post-72","page","type-page","status-publish","hentry"],"_links":{"self":[{"href":"https:\/\/universfee.fr\/index.php\/wp-json\/wp\/v2\/pages\/72","targetHints":{"allow":["GET"]}}],"collection":[{"href":"https:\/\/universfee.fr\/index.php\/wp-json\/wp\/v2\/pages"}],"about":[{"href":"https:\/\/universfee.fr\/index.php\/wp-json\/wp\/v2\/types\/page"}],"author":[{"embeddable":true,"href":"https:\/\/universfee.fr\/index.php\/wp-json\/wp\/v2\/users\/1"}],"replies":[{"embeddable":true,"href":"https:\/\/universfee.fr\/index.php\/wp-json\/wp\/v2\/comments?post=72"}],"version-history":[{"count":19,"href":"https:\/\/universfee.fr\/index.php\/wp-json\/wp\/v2\/pages\/72\/revisions"}],"predecessor-version":[{"id":457,"href":"https:\/\/universfee.fr\/index.php\/wp-json\/wp\/v2\/pages\/72\/revisions\/457"}],"wp:attachment":[{"href":"https:\/\/universfee.fr\/index.php\/wp-json\/wp\/v2\/media?parent=72"}],"curies":[{"name":"wp","href":"https:\/\/api.w.org\/{rel}","templated":true}]}}